{"id":261,"date":"2025-02-22T14:47:50","date_gmt":"2025-02-22T11:47:50","guid":{"rendered":"https:\/\/beyin.bilkent.edu.tr\/?page_id=261"},"modified":"2025-11-07T11:38:22","modified_gmt":"2025-11-07T08:38:22","slug":"asbam-affiliated-students-from-other-departments","status":"publish","type":"page","link":"https:\/\/beyin.bilkent.edu.tr\/?page_id=261","title":{"rendered":"ASBAM affiliated researchers &#038; students"},"content":{"rendered":"\n\n<style>\n\/* Container makes it scrollable on mobile without breaking layout *\/\n.wp-table-wrap{overflow-x:auto;margin:1rem 0;border:1px solid #ddd;border-radius:8px;padding:8px}\n.wp-table{border-collapse:collapse;width:100%;font-family:system-ui,-apple-system,Segoe UI,Roboto,Helvetica,Arial,sans-serif;font-size:14px;line-height:1.4}\n.wp-table th,.wp-table td{border:1px solid #e6e6e6;padding:8px 10px;vertical-align:top}\n.wp-table thead th{background:#f7f7f7;font-weight:600;text-align:left;position:sticky;top:0}\n.wp-table tr:nth-child(even) td{background:#fafafa}\n\/* Make long text wrap nicely *\/\n.wp-table td{word-break:break-word;white-space:pre-wrap}\n\/* Optional: smaller on phones *\/\n@media (max-width:600px){.wp-table{font-size:13px} .wp-table th,.wp-table td{padding:6px 8px}}\n<\/style>\n<div class=\"wp-table-wrap\">\n  <table class=\"wp-table\">\n    <thead>\n      <tr><th>Name<\/th><th>Affiliation<\/th><\/tr>\n    <\/thead>\n    <tbody>\n<tr><td>Abdullah Erkam Arslan<\/td><td>UMRAM<\/td><\/tr>\n<tr><td>Adem Yaz\u0131c\u0131<\/td><td>NSC<\/td><\/tr>\n<tr><td>Afife Konyal\u0131<\/td><td>UMRAM<\/td><\/tr>\n<tr><td>Ahmet Berkay Uysal<\/td><td>NSC<\/td><\/tr>\n<tr><td>Ahmet Caner Akar<\/td><td>NSC<\/td><\/tr>\n<tr><td>Ahmet Cihan Uzun<\/td><td>NSC<\/td><\/tr>\n<tr><td>Alara Akcan<\/td><td>NSC<\/td><\/tr>\n<tr><td>Aleyna \u015eener<\/td><td>UMRAM<\/td><\/tr>\n<tr><td>Ali Feza Karahalilo\u011flu<\/td><td>NSC<\/td><\/tr>\n<tr><td>Almina D\u00fczen<\/td><td>UNAM<\/td><\/tr>\n<tr><td>Alperen \u0130ner<\/td><td>NSC<\/td><\/tr>\n<tr><td>Amineh Kakai<\/td><td>NSC<\/td><\/tr>\n<tr><td>Atakan Top\u00e7u<\/td><td>UMRAM<\/td><\/tr>\n<tr><td>Ayaz Karada\u011f<\/td><td>NSC<\/td><\/tr>\n<tr><td>Ay\u015fe Bet\u00fcl Varol<\/td><td>NSC<\/td><\/tr>\n<tr><td>Batuhan K\u00fcr\u015fat \u00dcnal<\/td><td>NSC<\/td><\/tr>\n<tr><td>Beg\u00fcm \u00c7onka<\/td><td>NSC<\/td><\/tr>\n<tr><td>Berat Tuna<\/td><td>NSC<\/td><\/tr>\n<tr><td>Berfin Ayd\u0131n<\/td><td>NSC<\/td><\/tr>\n<tr><td>Beril Simay \u00dcner<\/td><td>NSC<\/td><\/tr>\n<tr><td>Berk Y\u00fcce<\/td><td>NSC<\/td><\/tr>\n<tr><td>Bet\u00fcl Beyza Cengil<\/td><td>NSC<\/td><\/tr>\n<tr><td>Beyaz\u0131d Bestami Acar<\/td><td>NSC<\/td><\/tr>\n<tr><td>Bora Deniz Y\u0131lmaz<\/td><td>UNAM<\/td><\/tr>\n<tr><td>B\u00fc\u015fra S\u00f6ylemez<\/td><td>NSC<\/td><\/tr>\n<tr><td>Defne Akdemir<\/td><td>NSC<\/td><\/tr>\n<tr><td>Do\u011fa Ayd\u0131n<\/td><td>NSC<\/td><\/tr>\n<tr><td>Dora \u00d6zkara<\/td><td>UMRAM<\/td><\/tr>\n<tr><td>Dora T\u00fct\u00fcc\u00fc<\/td><td>UMRAM<\/td><\/tr>\n<tr><td>Duru Okay<\/td><td>NSC<\/td><\/tr>\n<tr><td>Ecem \u015eim\u015fek<\/td><td>UMRAM<\/td><\/tr>\n<tr><td>Eda G\u00fcl Karaca<\/td><td>NSC<\/td><\/tr>\n<tr><td>Ege Ayd\u0131n<\/td><td>UMRAM<\/td><\/tr>\n<tr><td>Ege Kor<\/td><td>UMRAM<\/td><\/tr>\n<tr><td>Ekin Eylem \u00c7akmak<\/td><td>NSC<\/td><\/tr>\n<tr><td>Elif Ahsen \u00c7akmakc\u0131<\/td><td>NSC<\/td><\/tr>\n<tr><td>Elif Ezgi G\u00fcndo\u011fdu<\/td><td>NSC<\/td><\/tr>\n<tr><td>Elif Oymagil<\/td><td>NSC<\/td><\/tr>\n<tr><td>Elif Yal\u0131<\/td><td>UMRAM<\/td><\/tr>\n<tr><td>Emirhan Ko\u00e7<\/td><td>UMRAM<\/td><\/tr>\n<tr><td>Fatma Hilal \u00c7imen<\/td><td>NSC<\/td><\/tr>\n<tr><td>Fuat Arslan<\/td><td>UMRAM<\/td><\/tr>\n<tr><td>Furkan Gen\u00e7<\/td><td>UMRAM<\/td><\/tr>\n<tr><td>Furkan Kahraman<\/td><td>UMRAM<\/td><\/tr>\n<tr><td>Ghinaallah Saadedeen<\/td><td>NSC<\/td><\/tr>\n<tr><td>Gizem \u00c7\u0131nar<\/td><td>NSC<\/td><\/tr>\n<tr><td>Gizem \u00d6zem<\/td><td>NSC<\/td><\/tr>\n<tr><td>G\u00f6k\u00e7en Hazal G\u00fcng\u00f6r<\/td><td>NSC<\/td><\/tr>\n<tr><td>\u0130lknur Yaren Pala<\/td><td>NSC<\/td><\/tr>\n<tr><td>\u0130pek \u00c7ift\u00e7i<\/td><td>NSC<\/td><\/tr>\n<tr><td>\u0130rem Giray<\/td><td>NSC<\/td><\/tr>\n<tr><td>\u0130rem Herg\u00fcner<\/td><td>NSC<\/td><\/tr>\n<tr><td>\u0130rem \u015ei\u015fman<\/td><td>NSC<\/td><\/tr>\n<tr><td>\u0130ris Yaz\u0131c\u0131<\/td><td>UMRAM<\/td><\/tr>\n<tr><td>Mehdi Ghasemzadeh<\/td><td>UMRAM<\/td><\/tr>\n<tr><td>Mehmet Emin \u00d6zt\u00fcrk<\/td><td>UMRAM<\/td><\/tr>\n<tr><td>Mehmet Onur Kele\u015f<\/td><td>NSC<\/td><\/tr>\n<tr><td>Mehwish Nawaz<\/td><td>NSC<\/td><\/tr>\n<tr><td>Mert Sar\u0131kaya<\/td><td>NSC<\/td><\/tr>\n<tr><td>Merve Beg\u00fcm Terzi<\/td><td>UMRAM<\/td><\/tr>\n<tr><td>Muhammed Ali Khan<\/td><td>UMRAM<\/td><\/tr>\n<tr><td>Muhammed Hasan Kayap\u0131nar<\/td><td>UMRAM<\/td><\/tr>\n<tr><td>Murat Batu Tunca<\/td><td>NSC<\/td><\/tr>\n<tr><td>Mustafa Arda Ayd\u0131n<\/td><td>UMRAM<\/td><\/tr>\n<tr><td>\u00d6mer Faruk Atl\u0131<\/td><td>UMRAM<\/td><\/tr>\n<tr><td>Osman \u00c7a\u011fr\u0131 O\u011fuz<\/td><td>NSC<\/td><\/tr>\n<tr><td>Parsa Yousefinezhad Mohammadi<\/td><td>UMRAM<\/td><\/tr>\n<tr><td>Sadeq Al Sharafi<\/td><td>UMRAM<\/td><\/tr>\n<tr><td>\u015eehmus Kurt<\/td><td>NSC<\/td><\/tr>\n<tr><td>Selin Tetik<\/td><td>NSC<\/td><\/tr>\n<tr><td>Sena Dedeo\u011flu<\/td><td>NSC<\/td><\/tr>\n<tr><td>Sevginaz Kaya<\/td><td>NSC<\/td><\/tr>\n<tr><td>Sevil Dilge G\u00fcls\u00fcn<\/td><td>UMRAM<\/td><\/tr>\n<tr><td>\u015eeyda Evsen<\/td><td>NSC<\/td><\/tr>\n<tr><td>\u015eeyma Ko\u00e7<\/td><td>NSC<\/td><\/tr>\n<tr><td>Sezan Mert<\/td><td>NSC<\/td><\/tr>\n<tr><td>Sharzad Falahat<\/td><td>NSC<\/td><\/tr>\n<tr><td>Sudenur \u00d6zkan<\/td><td>NSC<\/td><\/tr>\n<tr><td>S\u00fcheyla Aydemir<\/td><td>NSC<\/td><\/tr>\n<tr><td>S\u00fcmeyye Nur Atalay<\/td><td>NSC<\/td><\/tr>\n<tr><td>S\u00fcmeyye \u00d6zt\u00fcrk<\/td><td>NSC<\/td><\/tr>\n<tr><td>S\u00fcmeyye Sena K\u0131yma<\/td><td>UMRAM<\/td><\/tr>\n<tr><td>Tamer Gezici<\/td><td>NSC<\/td><\/tr>\n<tr><td>Tuba \u015eahin<\/td><td>NSC<\/td><\/tr>\n<tr><td>Tu\u011f\u00e7e Nur Bozkurt Pek\u00e7etin<\/td><td>NSC<\/td><\/tr>\n<tr><td>Tutku Karahan<\/td><td>NSC<\/td><\/tr>\n<tr><td>Tuvana Karaduman<\/td><td>NSC<\/td><\/tr>\n<tr><td>Ula\u015f Dilek<\/td><td>NSC<\/td><\/tr>\n<tr><td>\u00dcmit \u00c7etinkaya<\/td><td>UMRAM<\/td><\/tr>\n<tr><td>Valiyeh Ansarian Nezhad<\/td><td>UMRAM<\/td><\/tr>\n<tr><td>Yaren K\u00f6se<\/td><td>NSC<\/td><\/tr>\n<tr><td>Ya\u015far Berkay \u0130stil<\/td><td>NSC<\/td><\/tr>\n<tr><td>Zelal Elta\u015f<\/td><td>NSC<\/td><\/tr>\n<tr><td>Zeynep Er\u00e7etin<\/td><td>NSC<\/td><\/tr>\n<tr><td>Zeynep Maden<\/td><td>NSC<\/td><\/tr>\n<tr><td>Zeynep Ortah\u00fcner<\/td><td>UMRAM<\/td><\/tr>\n    <\/tbody>\n  <\/table>\n<\/div>\n","protected":false},"excerpt":{"rendered":"<p>Name Affiliation Abdullah Erkam Arslan UMRAM Adem Yaz\u0131c\u0131 NSC Afife Konyal\u0131 UMRAM Ahmet Berkay Uysal NSC Ahmet Caner Akar NSC Ahmet Cihan Uzun NSC Alara Akcan NSC Aleyna \u015eener UMRAM Ali Feza Karahalilo\u011flu NSC Almina D\u00fczen UNAM Alperen \u0130ner NSC Amineh Kakai NSC Atakan Top\u00e7u UMRAM Ayaz Karada\u011f NSC Ay\u015fe Bet\u00fcl Varol NSC Batuhan K\u00fcr\u015fat [&hellip;]<\/p>\n","protected":false},"author":1,"featured_media":0,"parent":0,"menu_order":0,"comment_status":"closed","ping_status":"closed","template":"","meta":{"footnotes":""},"_links":{"self":[{"href":"https:\/\/beyin.bilkent.edu.tr\/index.php?rest_route=\/wp\/v2\/pages\/261"}],"collection":[{"href":"https:\/\/beyin.bilkent.edu.tr\/index.php?rest_route=\/wp\/v2\/pages"}],"about":[{"href":"https:\/\/beyin.bilkent.edu.tr\/index.php?rest_route=\/wp\/v2\/types\/page"}],"author":[{"embeddable":true,"href":"https:\/\/beyin.bilkent.edu.tr\/index.php?rest_route=\/wp\/v2\/users\/1"}],"replies":[{"embeddable":true,"href":"https:\/\/beyin.bilkent.edu.tr\/index.php?rest_route=%2Fwp%2Fv2%2Fcomments&post=261"}],"version-history":[{"count":30,"href":"https:\/\/beyin.bilkent.edu.tr\/index.php?rest_route=\/wp\/v2\/pages\/261\/revisions"}],"predecessor-version":[{"id":333,"href":"https:\/\/beyin.bilkent.edu.tr\/index.php?rest_route=\/wp\/v2\/pages\/261\/revisions\/333"}],"wp:attachment":[{"href":"https:\/\/beyin.bilkent.edu.tr\/index.php?rest_route=%2Fwp%2Fv2%2Fmedia&parent=261"}],"curies":[{"name":"wp","href":"https:\/\/api.w.org\/{rel}","templated":true}]}}